{"id":6,"date":"2024-03-18T19:12:57","date_gmt":"2024-03-18T19:12:57","guid":{"rendered":"https:\/\/echorybenki.com\/?page_id=6"},"modified":"2024-03-24T13:04:50","modified_gmt":"2024-03-24T13:04:50","slug":"create-your-website-with-blocks","status":"publish","type":"page","link":"https:\/\/echorybenki.com\/","title":{"rendered":"Untitled"},"content":{"rendered":"\n<h2 class=\"wp-block-heading alignwide has-text-align-wide has-gigantic-font-size\" style=\"line-height:1.1\">Diariusz Micha\u0142a Kazimierza Radziwi\u0142\u0142a Rybe\u0144ko<\/h2>\n\n\n\n<div style=\"height:100px\" aria-hidden=\"true\" class=\"wp-block-spacer\"><\/div>\n\n\n\n<div class=\"wp-block-columns alignwide are-vertically-aligned-center is-style-twentytwentyone-columns-overlap is-layout-flex wp-container-core-columns-is-layout-9d6595d7 wp-block-columns-is-layout-flex\">\n<div class=\"wp-block-column is-vertically-aligned-center is-layout-flow wp-block-column-is-layout-flow\">\n<figure class=\"wp-block-image\"><img loading=\"lazy\" decoding=\"async\" width=\"737\" height=\"1024\" src=\"https:\/\/echorybenki.com\/wp-content\/uploads\/2024\/03\/PL_1_354_6-2-80a_0001-737x1024.jpg\" alt=\"\" class=\"wp-image-34\" srcset=\"https:\/\/echorybenki.com\/wp-content\/uploads\/2024\/03\/PL_1_354_6-2-80a_0001-737x1024.jpg 737w, https:\/\/echorybenki.com\/wp-content\/uploads\/2024\/03\/PL_1_354_6-2-80a_0001-216x300.jpg 216w, https:\/\/echorybenki.com\/wp-content\/uploads\/2024\/03\/PL_1_354_6-2-80a_0001-768x1067.jpg 768w, https:\/\/echorybenki.com\/wp-content\/uploads\/2024\/03\/PL_1_354_6-2-80a_0001-1106x1536.jpg 1106w, https:\/\/echorybenki.com\/wp-content\/uploads\/2024\/03\/PL_1_354_6-2-80a_0001-1474x2048.jpg 1474w, https:\/\/echorybenki.com\/wp-content\/uploads\/2024\/03\/PL_1_354_6-2-80a_0001-1568x2179.jpg 1568w, https:\/\/echorybenki.com\/wp-content\/uploads\/2024\/03\/PL_1_354_6-2-80a_0001-scaled.jpg 1843w\" sizes=\"auto, (max-width: 737px) 100vw, 737px\" \/><figcaption class=\"wp-element-caption\"><a href=\"https:\/\/echorybenki.com\/?page_id=9\">Diariusz<\/a><\/figcaption><\/figure>\n\n\n\n<div style=\"height:100px\" aria-hidden=\"true\" class=\"wp-block-spacer\"><\/div>\n\n\n\n<figure class=\"wp-block-image alignfull size-large is-style-twentytwentyone-image-frame\"><img loading=\"lazy\" decoding=\"async\" width=\"784\" height=\"1024\" src=\"https:\/\/echorybenki.com\/wp-content\/uploads\/2024\/03\/PL_1_354_IV_472_0001-784x1024.jpg\" alt=\"\" class=\"wp-image-36\" srcset=\"https:\/\/echorybenki.com\/wp-content\/uploads\/2024\/03\/PL_1_354_IV_472_0001-784x1024.jpg 784w, https:\/\/echorybenki.com\/wp-content\/uploads\/2024\/03\/PL_1_354_IV_472_0001-230x300.jpg 230w, https:\/\/echorybenki.com\/wp-content\/uploads\/2024\/03\/PL_1_354_IV_472_0001-768x1004.jpg 768w, https:\/\/echorybenki.com\/wp-content\/uploads\/2024\/03\/PL_1_354_IV_472_0001-1175x1536.jpg 1175w, https:\/\/echorybenki.com\/wp-content\/uploads\/2024\/03\/PL_1_354_IV_472_0001-1567x2048.jpg 1567w, https:\/\/echorybenki.com\/wp-content\/uploads\/2024\/03\/PL_1_354_IV_472_0001-1568x2049.jpg 1568w, https:\/\/echorybenki.com\/wp-content\/uploads\/2024\/03\/PL_1_354_IV_472_0001.jpg 1803w\" sizes=\"auto, (max-width: 784px) 100vw, 784px\" \/><figcaption class=\"wp-element-caption\"><a href=\"https:\/\/echorybenki.com\/?page_id=49\">Micha\u0142 Kazimierz Radziwi\u0142\u0142 Rybe\u0144ko<\/a><\/figcaption><\/figure>\n<\/div>\n\n\n\n<div class=\"wp-block-column is-vertically-aligned-center is-layout-flow wp-block-column-is-layout-flow\">\n<div style=\"height:100px\" aria-hidden=\"true\" class=\"wp-block-spacer\"><\/div>\n\n\n\n<figure class=\"wp-block-image size-large is-resized alignfull size-full is-style-twentytwentyone-border\"><img loading=\"lazy\" decoding=\"async\" width=\"787\" height=\"1024\" src=\"https:\/\/echorybenki.com\/wp-content\/uploads\/2024\/03\/PL_1_354_IV_378_0001-787x1024.jpg\" alt=\"\" class=\"wp-image-35\" style=\"width:625px;height:auto\" srcset=\"https:\/\/echorybenki.com\/wp-content\/uploads\/2024\/03\/PL_1_354_IV_378_0001-787x1024.jpg 787w, https:\/\/echorybenki.com\/wp-content\/uploads\/2024\/03\/PL_1_354_IV_378_0001-230x300.jpg 230w, https:\/\/echorybenki.com\/wp-content\/uploads\/2024\/03\/PL_1_354_IV_378_0001-768x1000.jpg 768w, https:\/\/echorybenki.com\/wp-content\/uploads\/2024\/03\/PL_1_354_IV_378_0001-1180x1536.jpg 1180w, https:\/\/echorybenki.com\/wp-content\/uploads\/2024\/03\/PL_1_354_IV_378_0001-1574x2048.jpg 1574w, https:\/\/echorybenki.com\/wp-content\/uploads\/2024\/03\/PL_1_354_IV_378_0001-1568x2041.jpg 1568w, https:\/\/echorybenki.com\/wp-content\/uploads\/2024\/03\/PL_1_354_IV_378_0001.jpg 1930w\" sizes=\"auto, (max-width: 787px) 100vw, 787px\" \/><figcaption class=\"wp-element-caption\"><a href=\"https:\/\/echorybenki.com\/?cat=20\">Historiografia<\/a> <\/figcaption><\/figure>\n<\/div>\n<\/div>\n\n\n\n<div style=\"height:50px\" aria-hidden=\"true\" class=\"wp-block-spacer\"><\/div>\n\n\n\n<div class=\"wp-block-columns alignwide are-vertically-aligned-top is-layout-flex wp-container-core-columns-is-layout-9d6595d7 wp-block-columns-is-layout-flex\">\n<div class=\"wp-block-column is-vertically-aligned-top is-layout-flow wp-block-column-is-layout-flow\">\n<h3 class=\"wp-block-heading\">Curriculum vitae<\/h3>\n\n\n\n<p><img loading=\"lazy\" decoding=\"async\" width=\"150\" height=\"225\" class=\"wp-image-58\" style=\"width: 150px;\" src=\"https:\/\/echorybenki.com\/wp-content\/uploads\/2024\/03\/Vika-scaled.jpg\" alt=\"\" srcset=\"https:\/\/echorybenki.com\/wp-content\/uploads\/2024\/03\/Vika-scaled.jpg 1707w, https:\/\/echorybenki.com\/wp-content\/uploads\/2024\/03\/Vika-200x300.jpg 200w, https:\/\/echorybenki.com\/wp-content\/uploads\/2024\/03\/Vika-683x1024.jpg 683w, https:\/\/echorybenki.com\/wp-content\/uploads\/2024\/03\/Vika-768x1152.jpg 768w, https:\/\/echorybenki.com\/wp-content\/uploads\/2024\/03\/Vika-1024x1536.jpg 1024w, https:\/\/echorybenki.com\/wp-content\/uploads\/2024\/03\/Vika-1365x2048.jpg 1365w, https:\/\/echorybenki.com\/wp-content\/uploads\/2024\/03\/Vika-1568x2352.jpg 1568w\" sizes=\"auto, (max-width: 150px) 100vw, 150px\" \/><\/p>\n\n\n\n<p><a href=\"https:\/\/echorybenki.com\/?page_id=101\">O mnie<\/a><\/p>\n<\/div>\n\n\n\n<div class=\"wp-block-column is-vertically-aligned-top is-layout-flow wp-block-column-is-layout-flow\">\n<h3 class=\"wp-block-heading\">Diariusz &#8220;Rybe\u0144ki&#8221;<\/h3>\n\n\n\n<p><a href=\"https:\/\/habemusdocumentum.wixsite.com\/agad\/post\/diariusz-rybe%C5%84ki\">Micha\u0142 Kazimierz Radziwi\u0142\u0142 \u201eRybe\u0144ko\u201d (zm. 1762) \u2013 wojewoda wile\u0144ski i hetman wielki litewski pozostawi\u0142 po sobie unikatowy diariusz, kt\u00f3ry spisywa\u0142 w\u0142asnor\u0119cznie w latach 1722-1760. Codzienne zapiski prowadzi\u0142 na pustych kartach drukowanych kalendarzy, kt\u00f3re nast\u0119pnie zszyto w jedn\u0105 ksi\u0119g\u0119.<\/a><\/p>\n<\/div>\n\n\n\n<div class=\"wp-block-column is-vertically-aligned-top is-layout-flow wp-block-column-is-layout-flow\">\n<h3 class=\"wp-block-heading\">Mapy<\/h3>\n\n\n\n<p>Cudowne obrazy i relikwie odwiedzione przez M. K. Radziwi\u0142\u0142a Rybe\u0144ko.<\/p>\n\n\n\n<p><a href=\"https:\/\/www.google.com\/maps\/d\/embed?mid=1ib8HYm2Z24coE0xH5v_oBntniBaiwCo&amp;hl=lt&amp;ehbc=2E312F\">https:\/\/www.google.com\/maps\/d\/embed?mid=1ib8HYm2Z24coE0xH5v_oBntniBaiwCo&amp;hl=lt&amp;ehbc=2E312F<\/a><\/p>\n<\/div>\n<\/div>\n\n\n\n<div style=\"height:100px\" aria-hidden=\"true\" class=\"wp-block-spacer\"><\/div>\n\n\n\n<p><\/p>\n","protected":false},"excerpt":{"rendered":"<p>Diariusz Micha\u0142a Kazimierza Radziwi\u0142\u0142a Rybe\u0144ko Curriculum vitae O mnie Diariusz &#8220;Rybe\u0144ki&#8221; Micha\u0142 Kazimierz Radziwi\u0142\u0142 \u201eRybe\u0144ko\u201d (zm. 1762) \u2013 wojewoda wile\u0144ski i hetman wielki litewski pozostawi\u0142 po sobie unikatowy diariusz, kt\u00f3ry spisywa\u0142 w\u0142asnor\u0119cznie w latach 1722-1760. Codzienne zapiski prowadzi\u0142 na pustych kartach drukowanych kalendarzy, kt\u00f3re nast\u0119pnie zszyto w jedn\u0105 ksi\u0119g\u0119. Mapy Cudowne obrazy i relikwie odwiedzione&hellip; <a class=\"more-link\" href=\"https:\/\/echorybenki.com\/\">Continue reading <span class=\"screen-reader-text\">Untitled<\/span><\/a><\/p>\n","protected":false},"author":1,"featured_media":0,"parent":0,"menu_order":0,"comment_status":"closed","ping_status":"closed","template":"","meta":{"footnotes":""},"class_list":["post-6","page","type-page","status-publish","hentry","entry"],"_links":{"self":[{"href":"https:\/\/echorybenki.com\/index.php?rest_route=\/wp\/v2\/pages\/6","targetHints":{"allow":["GET"]}}],"collection":[{"href":"https:\/\/echorybenki.com\/index.php?rest_route=\/wp\/v2\/pages"}],"about":[{"href":"https:\/\/echorybenki.com\/index.php?rest_route=\/wp\/v2\/types\/page"}],"author":[{"embeddable":true,"href":"https:\/\/echorybenki.com\/index.php?rest_route=\/wp\/v2\/users\/1"}],"replies":[{"embeddable":true,"href":"https:\/\/echorybenki.com\/index.php?rest_route=%2Fwp%2Fv2%2Fcomments&post=6"}],"version-history":[{"count":17,"href":"https:\/\/echorybenki.com\/index.php?rest_route=\/wp\/v2\/pages\/6\/revisions"}],"predecessor-version":[{"id":174,"href":"https:\/\/echorybenki.com\/index.php?rest_route=\/wp\/v2\/pages\/6\/revisions\/174"}],"wp:attachment":[{"href":"https:\/\/echorybenki.com\/index.php?rest_route=%2Fwp%2Fv2%2Fmedia&parent=6"}],"curies":[{"name":"wp","href":"https:\/\/api.w.org\/{rel}","templated":true}]}}