{"id":49,"date":"2024-03-19T17:29:47","date_gmt":"2024-03-19T17:29:47","guid":{"rendered":"https:\/\/echorybenki.com\/?page_id=49"},"modified":"2024-03-20T12:07:02","modified_gmt":"2024-03-20T12:07:02","slug":"michal-kazimierz-radziwill-rybenko","status":"publish","type":"page","link":"https:\/\/echorybenki.com\/?page_id=49","title":{"rendered":"Micha\u0142 Kazimierz Radziwi\u0142\u0142 Rybe\u0144ko"},"content":{"rendered":"\n<p class=\"has-text-align-left\">Micha\u0142 Kazimierz Radziwi\u0142\u0142 (1702-1762), wojewoda wile\u0144ski i hetman wielki litewski, w 1719 r. rozpocz\u0105\u0142 prowadzenie diariusza na stronach kalendarza, kt\u00f3ry prowadzi\u0142 niemal do \u015bmierci (do 1761 r.). Dokument zachowa\u0142 si\u0119 w Archiwum G\u0142\u00f3wnym Akt Dawnych w Warszawie[1]. Kopia pami\u0119tnika zosta\u0142a zdigitalizowana i jest dost\u0119pna w archiwum, zachowa\u0142y si\u0119 te\u017c oryginalne zapisy na kartach kalendarza, ale nie s\u0105 one dost\u0119pne publicznie[2]. Driariusz zosta\u0142 przepisany i podpisany przez Radziwi\u0142\u0142a pod koniec ka\u017cdego roku zgodnie z jego instrukcjami, potwierdzaj\u0105c w ten spos\u00f3b autentyczno\u015b\u0107 kopii. <\/p>\n\n\n\n<p class=\"has-text-align-left\">Kiedy diariusz by\u0142 przepisywany, czasami uzupe\u0142niano go, dodaj\u0105c teksty najwa\u017cniejszych wyg\u0142oszonych przem\u00f3wie\u0144 lub odwo\u0142uj\u0105c si\u0119 do protoko\u0142\u00f3w z sesji i komisji. Ksi\u0105\u017c\u0119 skrupulatnie odnotowywa\u0142 w nim miejsca, kt\u00f3re odwiedzi\u0142, liczb\u0119 przebytych kilometr\u00f3w (mil), szlacht\u0119, kt\u00f3r\u0105 spotka\u0142 na drodze i kt\u00f3r\u0105 odwiedzi\u0142, urz\u0119dnik\u00f3w Rzeczypospolitej Obojga Narod\u00f3w, a tak\u017ce dolegliwo\u015bci zdrowotne. Bardzo wa\u017cne jest r\u00f3wnie\u017c u\u015bci\u015blenie specyfiki poj\u0119\u0107: wi\u0119kszo\u015b\u0107 tego typu pami\u0119tnik\u00f3w nazywana jest w historiografii itinerariami, podobnie jak opisy dr\u00f3g, kt\u00f3rymi poruszali si\u0119 podr\u00f3\u017cnicy, a sporz\u0105dzone ju\u017c przez uczonych spisy miejsc i dat odwiedzonych przez dan\u0105 osob\u0119 r\u00f3wnie\u017c nazywane s\u0105 itinerariami. Pami\u0119tnik i itinerarium w jednym jest wi\u0119c doskona\u0142ym \u017ar\u00f3d\u0142em do badania podr\u00f3\u017cy magnata, jego \u017cycia codziennego, kontakt\u00f3w towarzyskich, klientelskich i stylu \u017cycia. Pr\u00f3by skrystalizowania osobowo\u015bci, cech sposobu \u017cycia i charakterystyki postaci s\u0105 nieco trudniejsze. Pierwsze, powierzchowne spojrzenie na dziennik Radziwi\u0142\u0142a Rybe\u0144ko sprawia wra\u017cenie, \u017ce jego notatki zaczynaj\u0105 si\u0119 i ko\u0144cz\u0105 lakonicznym zapisem domowych fakt\u00f3w. Jednak bli\u017csze spojrzenie ujawnia, jak emocje i cechy charakteru autora przeplataj\u0105 si\u0119 z wieloma faktami.<\/p>\n\n\n\n<p><a id=\"_ftn1\" href=\"#_ftnref1\">[1]<\/a> Kopia diariusza Micha\u0142a Kazimierza Radziwi\u0142\u0142a \u201eRybe\u0144ko\u201d (1702-1762), hetmana wielkiego litewskiego i wojewody wile\u0144skiego s zapiskami z lat [1702] 1719-1761 r., <em>Archiwum G\u0142\u00f3wne Akt Dawnych w Warszawe (AGAD)<\/em>, Archiwum Radziwi\u0142\u0142\u00f3w (AR), dz. II, sygn. II-80. <\/p>\n\n\n\n<p><a id=\"_ftn2\" href=\"#_ftnref2\">[2]<\/a> <a href=\"https:\/\/habemusdocumentum.wixsite.com\/agad\/post\/diariusz-rybe%C5%84ki\">Video diariusza w AGAD<\/a><\/p>\n","protected":false},"excerpt":{"rendered":"<p>Micha\u0142 Kazimierz Radziwi\u0142\u0142 (1702-1762), wojewoda wile\u0144ski i hetman wielki litewski, w 1719 r. rozpocz\u0105\u0142 prowadzenie diariusza na stronach kalendarza, kt\u00f3ry prowadzi\u0142 niemal do \u015bmierci (do 1761 r.). Dokument zachowa\u0142 si\u0119 w Archiwum G\u0142\u00f3wnym Akt Dawnych w Warszawie[1]. Kopia pami\u0119tnika zosta\u0142a zdigitalizowana i jest dost\u0119pna w archiwum, zachowa\u0142y si\u0119 te\u017c oryginalne zapisy na kartach kalendarza, ale&hellip; <a class=\"more-link\" href=\"https:\/\/echorybenki.com\/?page_id=49\">Continue reading <span class=\"screen-reader-text\">Micha\u0142 Kazimierz Radziwi\u0142\u0142 Rybe\u0144ko<\/span><\/a><\/p>\n","protected":false},"author":1,"featured_media":0,"parent":0,"menu_order":0,"comment_status":"closed","ping_status":"closed","template":"","meta":{"footnotes":""},"class_list":["post-49","page","type-page","status-publish","hentry","entry"],"_links":{"self":[{"href":"https:\/\/echorybenki.com\/index.php?rest_route=\/wp\/v2\/pages\/49","targetHints":{"allow":["GET"]}}],"collection":[{"href":"https:\/\/echorybenki.com\/index.php?rest_route=\/wp\/v2\/pages"}],"about":[{"href":"https:\/\/echorybenki.com\/index.php?rest_route=\/wp\/v2\/types\/page"}],"author":[{"embeddable":true,"href":"https:\/\/echorybenki.com\/index.php?rest_route=\/wp\/v2\/users\/1"}],"replies":[{"embeddable":true,"href":"https:\/\/echorybenki.com\/index.php?rest_route=%2Fwp%2Fv2%2Fcomments&post=49"}],"version-history":[{"count":5,"href":"https:\/\/echorybenki.com\/index.php?rest_route=\/wp\/v2\/pages\/49\/revisions"}],"predecessor-version":[{"id":70,"href":"https:\/\/echorybenki.com\/index.php?rest_route=\/wp\/v2\/pages\/49\/revisions\/70"}],"wp:attachment":[{"href":"https:\/\/echorybenki.com\/index.php?rest_route=%2Fwp%2Fv2%2Fmedia&parent=49"}],"curies":[{"name":"wp","href":"https:\/\/api.w.org\/{rel}","templated":true}]}}