{"id":101,"date":"2024-03-20T13:59:41","date_gmt":"2024-03-20T13:59:41","guid":{"rendered":"https:\/\/echorybenki.com\/?page_id=101"},"modified":"2024-03-20T17:48:57","modified_gmt":"2024-03-20T17:48:57","slug":"curriculum-vitae","status":"publish","type":"page","link":"https:\/\/echorybenki.com\/?page_id=101","title":{"rendered":"O mnie"},"content":{"rendered":"\n<p>Vika Veli\u010dkait\u0117<\/p>\n\n\n\n<p><strong>Wyksztalcenie<\/strong><\/p>\n\n\n\n<ul class=\"wp-block-list\">\n<li>Studia doktoranckie na Uniwersytecie Witolda Wielkiego w latach 2013 \u2013 2017, kierunek historia, temat dysertacji &#8211; <em>Wyraz pobo\u017cno\u015bci Micha\u0142a Kazimierza Radziwi\u0142\u0142a Rybe\u0144ki (1702-1762) na podstawie danych z jego diariusza<\/em>.<\/li>\n<\/ul>\n\n\n\n<ul class=\"wp-block-list\">\n<li>Stopie\u0144 magistra historii Litwy na Uniwersytecie Witolda Wielkiego w latach 2011 \u2013 2013. Praca magisterska &#8211; <em>Dzia\u0142alno\u015b\u0107 aktywnych kobiet w XVIII wieku w Wielkim Ksi\u0119stwie Litewskim<\/em>. <\/li>\n\n\n\n<li>Studia na Uniwersytecie Miko\u0142aja Kopernika (Polska) w ramach programu Erasmus w latach 2010 \u2013 2011. <\/li>\n\n\n\n<li>Stopie\u0144 licencjata historii na Uniwersytecie Witolda Wielkiego w latach 2007 \u2013 2011. Praca licencjacka &#8211; <em>Obchody rocznicy bitwy pod Wiedniem w 1683 roku na Litwie<\/em>.<\/li>\n<\/ul>\n\n\n\n<p><strong>Publikacje<\/strong><\/p>\n\n\n\n<p>Veli\u010dkait\u0117 Vika, <em>Sekant Roki\u0161kio praeities p\u0117dsakais Vyriausiajame sen\u0173j\u0173 akt\u0173 archyve Var\u0161uvoje, \u201eSenoji Roki\u0161kio dvarviet\u0117 XVI-XVIII am\u017eiais\u201c<\/em>, Roki\u0161ks, 2017.<\/p>\n\n\n\n<p><br>Veli\u010dkait\u0117, Vika. <em>Mykolo Kazimiero Radvilos \u017duvel\u0117s piligrimyst\u0117 XVIII a., <\/em>\u201eLiaudies kult\u016bra\u201c 5 (2017): 18-31.<\/p>\n\n\n\n<div data-wp-interactive=\"core\/file\" class=\"wp-block-file\"><object data-wp-bind--hidden=\"!state.hasPdfPreview\" hidden class=\"wp-block-file__embed\" data=\"https:\/\/echorybenki.com\/wp-content\/uploads\/2024\/03\/V.-Velickaite-Mykolo-Kazimiero-Zuveles-Piligrimystes-Liaudies-kultura.pdf\" type=\"application\/pdf\" style=\"width:100%;height:600px\" aria-label=\"Embed of V. Veli\u010dkait\u0117 Mykolo Kazimiero \u017duvel\u0117s Piligrimyst\u0117s Liaudies kult\u016bra.\"><\/object><a id=\"wp-block-file--media-a26efec0-8f9b-497b-85ea-6191cbf02e98\" href=\"https:\/\/echorybenki.com\/wp-content\/uploads\/2024\/03\/V.-Velickaite-Mykolo-Kazimiero-Zuveles-Piligrimystes-Liaudies-kultura.pdf\">V. Veli\u010dkait\u0117 Mykolo Kazimiero \u017duvel\u0117s Piligrimyst\u0117s Liaudies kult\u016bra<\/a><a href=\"https:\/\/echorybenki.com\/wp-content\/uploads\/2024\/03\/V.-Velickaite-Mykolo-Kazimiero-Zuveles-Piligrimystes-Liaudies-kultura.pdf\" class=\"wp-block-file__button wp-element-button\" download aria-describedby=\"wp-block-file--media-a26efec0-8f9b-497b-85ea-6191cbf02e98\">Download<\/a><\/div>\n\n\n\n<p><br><a href=\"https:\/\/echorybenki.com\/?p=92\">Veli\u010dkait\u0117, Vika. <em>Apie Radvilos \u017duvel\u0117s Meil\u0119 Ur\u0161ulei. Dienora\u0161\u010dio Liudijimai<\/em>, Liaudies kult\u016bra, 2 (2017): 46\u201350.<\/a><\/p>\n\n\n\n<p><br>Veli\u010dkait\u0117, Vika. <em>Mykolo Kazimiero Radvilos, Vadinamo \u017duvele (1702\u20131762), Dienora\u0161tis: Tarp Itinerarijaus Ir Egodokumento<\/em>, Bibliotheca Lituana, IV (2017): 105\u201321.<\/p>\n\n\n\n<p><br>Vika Veli\u010dkait\u0117, <em>Lietuvos Did\u017eiosios Kunigaik\u0161tyst\u0117s didiko Mykolo Kazimiero Radvilos-\u017duvel\u0117s kelion\u0117s jo dienora\u0161\u010dio duomenimis<\/em>, Darbai ir Dienos, Nr. 64, Kaunas, 2015.<\/p>\n\n\n\n<p><br>Vika Veli\u010dkait\u0117, P<em>rivataus ir vie\u0161o gyvenimo aspektai Pary\u017eiaus vienuolyno Abbaye-aux-bois pensione: Apolinijos Elenos Masalskyt\u0117s (1763\u20131815) atsiminimai<\/em>, Inter-Studia Humanitatis, 18\/2015, \u0160iauliai.<\/p>\n\n\n\n<p><br>Vika Veli\u010dkait\u0117, <em>XVIII a. didiki\u0173 savirai\u0161ka Lietuvos Did\u017eiojoje Kunigaik\u0161tyst\u0117je<\/em>, tarpdisciplininis mokslo darb\u0173 leidinys Grup\u0117s ir aplinkos, Nr. 4, 2015.<\/p>\n\n\n\n<p><br>Vika Veli\u010dkait\u0117, <em>Jono Sobieskio kultas &#8211; vertybi\u0173 kelion\u0117 i\u0161 Lenkijos \u012f Lietuv\u0105<\/em>, straipsni\u0173 rinkinys Lietuvos ir Lenkijos santyki\u0173 dinamika, Kaunas, 2015.<\/p>\n\n\n\n<p>Vika Veli\u010dkait\u0117, <em>Prien\u0173 parapin\u0117 mokykla XVIII a. II pus\u0117je<\/em>, Kauno istorijos metra\u0161tis Nr. 13,<br>Kaunas, 2013.<\/p>\n\n\n\n<p><br>Vika Veli\u010dkait\u0117, <em>Kurianti XVIII a. antros pus\u0117s moteris: K. Benislavskos atvejis<\/em>, Student\u0173 darbai-2013, \u0160iauliai, 2013 (tezi\u0173 publikavimas).<\/p>\n\n\n\n<p><\/p>\n\n\n\n<p><\/p>\n","protected":false},"excerpt":{"rendered":"<p>Vika Veli\u010dkait\u0117 Wyksztalcenie Publikacje Veli\u010dkait\u0117 Vika, Sekant Roki\u0161kio praeities p\u0117dsakais Vyriausiajame sen\u0173j\u0173 akt\u0173 archyve Var\u0161uvoje, \u201eSenoji Roki\u0161kio dvarviet\u0117 XVI-XVIII am\u017eiais\u201c, Roki\u0161ks, 2017. Veli\u010dkait\u0117, Vika. Mykolo Kazimiero Radvilos \u017duvel\u0117s piligrimyst\u0117 XVIII a., \u201eLiaudies kult\u016bra\u201c 5 (2017): 18-31. Veli\u010dkait\u0117, Vika. Apie Radvilos \u017duvel\u0117s Meil\u0119 Ur\u0161ulei. Dienora\u0161\u010dio Liudijimai, Liaudies kult\u016bra, 2 (2017): 46\u201350. Veli\u010dkait\u0117, Vika. Mykolo Kazimiero Radvilos,&hellip; <a class=\"more-link\" href=\"https:\/\/echorybenki.com\/?page_id=101\">Continue reading <span class=\"screen-reader-text\">O mnie<\/span><\/a><\/p>\n","protected":false},"author":1,"featured_media":0,"parent":0,"menu_order":0,"comment_status":"closed","ping_status":"closed","template":"","meta":{"footnotes":""},"class_list":["post-101","page","type-page","status-publish","hentry","entry"],"_links":{"self":[{"href":"https:\/\/echorybenki.com\/index.php?rest_route=\/wp\/v2\/pages\/101","targetHints":{"allow":["GET"]}}],"collection":[{"href":"https:\/\/echorybenki.com\/index.php?rest_route=\/wp\/v2\/pages"}],"about":[{"href":"https:\/\/echorybenki.com\/index.php?rest_route=\/wp\/v2\/types\/page"}],"author":[{"embeddable":true,"href":"https:\/\/echorybenki.com\/index.php?rest_route=\/wp\/v2\/users\/1"}],"replies":[{"embeddable":true,"href":"https:\/\/echorybenki.com\/index.php?rest_route=%2Fwp%2Fv2%2Fcomments&post=101"}],"version-history":[{"count":7,"href":"https:\/\/echorybenki.com\/index.php?rest_route=\/wp\/v2\/pages\/101\/revisions"}],"predecessor-version":[{"id":129,"href":"https:\/\/echorybenki.com\/index.php?rest_route=\/wp\/v2\/pages\/101\/revisions\/129"}],"wp:attachment":[{"href":"https:\/\/echorybenki.com\/index.php?rest_route=%2Fwp%2Fv2%2Fmedia&parent=101"}],"curies":[{"name":"wp","href":"https:\/\/api.w.org\/{rel}","templated":true}]}}